{"id":2096,"date":"2023-12-13T09:22:43","date_gmt":"2023-12-13T08:22:43","guid":{"rendered":"https:\/\/inter-pension.ch\/?page_id=2096"},"modified":"2026-04-16T08:02:47","modified_gmt":"2026-04-16T07:02:47","slug":"drehtuerprinzip","status":"publish","type":"page","link":"https:\/\/inter-pension.ch\/fr\/drehtuerprinzip\/","title":{"rendered":"Principe de la porte tournante"},"content":{"rendered":"<div data-elementor-type=\"wp-page\" data-elementor-id=\"2096\" class=\"elementor elementor-2096\" data-elementor-post-type=\"page\">\n\t\t\t\t\t\t<section class=\"elementor-section elementor-top-section elementor-element elementor-element-35a8446 elementor-section-boxed elementor-section-height-default elementor-section-height-default\" data-id=\"35a8446\" data-element_type=\"section\" data-e-type=\"section\" data-settings=\"{&quot;jet_parallax_layout_list&quot;:[],&quot;background_background&quot;:&quot;classic&quot;}\">\n\t\t\t\t\t\t<div class=\"elementor-container elementor-column-gap-default\">\n\t\t\t\t\t<div class=\"elementor-column elementor-col-100 elementor-top-column elementor-element elementor-element-4c1079d\" data-id=\"4c1079d\" data-element_type=\"column\" data-e-type=\"column\">\n\t\t\t<div class=\"elementor-widget-wrap elementor-element-populated\">\n\t\t\t\t\t\t<div class=\"elementor-element elementor-element-f71ccfc elementor-widget elementor-widget-heading\" data-id=\"f71ccfc\" data-element_type=\"widget\" data-e-type=\"widget\" data-widget_type=\"heading.default\">\n\t\t\t\t<div class=\"elementor-widget-container\">\n\t\t\t\t\t<h2 class=\"elementor-heading-title elementor-size-default\">Principe de la porte tournante<\/h2>\t\t\t\t<\/div>\n\t\t\t\t<\/div>\n\t\t\t\t\t<\/div>\n\t\t<\/div>\n\t\t\t\t\t<\/div>\n\t\t<\/section>\n\t\t\t\t<section class=\"elementor-section elementor-top-section elementor-element elementor-element-c8f4ed1 elementor-section-boxed elementor-section-height-default elementor-section-height-default\" data-id=\"c8f4ed1\" data-element_type=\"section\" data-e-type=\"section\" data-settings=\"{&quot;jet_parallax_layout_list&quot;:[]}\">\n\t\t\t\t\t\t<div class=\"elementor-container elementor-column-gap-default\">\n\t\t\t\t\t<div class=\"elementor-column elementor-col-50 elementor-top-column elementor-element elementor-element-996d6ca\" data-id=\"996d6ca\" data-element_type=\"column\" data-e-type=\"column\">\n\t\t\t<div class=\"elementor-widget-wrap elementor-element-populated\">\n\t\t\t\t\t\t<div class=\"elementor-element elementor-element-eb8a13c elementor-widget elementor-widget-heading\" data-id=\"eb8a13c\" data-element_type=\"widget\" data-e-type=\"widget\" data-widget_type=\"heading.default\">\n\t\t\t\t<div class=\"elementor-widget-container\">\n\t\t\t\t\t<h4 class=\"elementor-heading-title elementor-size-default\">Qu'est-ce que le principe de la porte tournante ?<\/h4>\t\t\t\t<\/div>\n\t\t\t\t<\/div>\n\t\t\t\t<div class=\"elementor-element elementor-element-11ff07d elementor-widget elementor-widget-text-editor\" data-id=\"11ff07d\" data-element_type=\"widget\" data-e-type=\"widget\" data-widget_type=\"text-editor.default\">\n\t\t\t\t<div class=\"elementor-widget-container\">\n\t\t\t\t\t\t\t\t\t<p style=\"background: white;\"><span style=\"font-family: 'Bricolage Grotesque',serif; color: #454346;\">Le principe de la porte tournante r\u00e8gle le transfert des cas d'incapacit\u00e9 de gain en cas de changement entre institutions de pr\u00e9voyance interentreprises. Ainsi, il n'est pas n\u00e9cessaire de d\u00e9terminer dans chaque cas particulier le montant des valeurs de transfert pour les cas d'invalidit\u00e9 existants et de n\u00e9gocier avec la nouvelle institution de pr\u00e9voyance.\u00a0<\/span><\/p>\t\t\t\t\t\t\t\t<\/div>\n\t\t\t\t<\/div>\n\t\t\t\t\t<\/div>\n\t\t<\/div>\n\t\t\t\t<div class=\"elementor-column elementor-col-50 elementor-top-column elementor-element elementor-element-50ac7bb\" data-id=\"50ac7bb\" data-element_type=\"column\" data-e-type=\"column\">\n\t\t\t<div class=\"elementor-widget-wrap elementor-element-populated\">\n\t\t\t\t\t\t<div class=\"elementor-element elementor-element-15c8908 elementor-widget elementor-widget-heading\" data-id=\"15c8908\" data-element_type=\"widget\" data-e-type=\"widget\" data-widget_type=\"heading.default\">\n\t\t\t\t<div class=\"elementor-widget-container\">\n\t\t\t\t\t<h4 class=\"elementor-heading-title elementor-size-default\">Exclusivement pour les membres d'inter-pension<\/h4>\t\t\t\t<\/div>\n\t\t\t\t<\/div>\n\t\t\t\t<div class=\"elementor-element elementor-element-b165a0f elementor-widget elementor-widget-text-editor\" data-id=\"b165a0f\" data-element_type=\"widget\" data-e-type=\"widget\" data-widget_type=\"text-editor.default\">\n\t\t\t\t<div class=\"elementor-widget-container\">\n\t\t\t\t\t\t\t\t\t<p style=\"background: white;\"><span style=\"font-family: 'Bricolage Grotesque',serif; color: #454346;\">Gr\u00e2ce \u00e0 un accord-cadre avec l'Association Suisse d'Assurances (ASA), les membres d'inter-pension peuvent participer au principe de la porte tournante. Ils b\u00e9n\u00e9ficient ainsi eux aussi de valeurs de transfert planifiables et \u00e9quitables ainsi que de transactions commerciales simplifi\u00e9es en cas de changement d'affiliation.<\/span><\/p>\t\t\t\t\t\t\t\t<\/div>\n\t\t\t\t<\/div>\n\t\t\t\t\t<\/div>\n\t\t<\/div>\n\t\t\t\t\t<\/div>\n\t\t<\/section>\n\t\t\t\t<section class=\"elementor-section elementor-top-section elementor-element elementor-element-86eff6e elementor-section-boxed elementor-section-height-default elementor-section-height-default\" data-id=\"86eff6e\" data-element_type=\"section\" data-e-type=\"section\" data-settings=\"{&quot;jet_parallax_layout_list&quot;:[],&quot;background_background&quot;:&quot;classic&quot;}\">\n\t\t\t\t\t\t<div class=\"elementor-container elementor-column-gap-default\">\n\t\t\t\t\t<div class=\"elementor-column elementor-col-50 elementor-top-column elementor-element elementor-element-834b2b3\" data-id=\"834b2b3\" data-element_type=\"column\" data-e-type=\"column\">\n\t\t\t<div class=\"elementor-widget-wrap elementor-element-populated\">\n\t\t\t\t\t\t<div class=\"elementor-element elementor-element-77c7059 elementor-widget elementor-widget-image\" data-id=\"77c7059\" data-element_type=\"widget\" data-e-type=\"widget\" data-widget_type=\"image.default\">\n\t\t\t\t<div class=\"elementor-widget-container\">\n\t\t\t\t\t\t\t\t\t\t\t\t\t\t\t<img fetchpriority=\"high\" decoding=\"async\" width=\"1100\" height=\"702\" src=\"https:\/\/inter-pension.ch\/wp-content\/uploads\/2023\/12\/Bild-Drehtuerpinzip.png\" class=\"attachment-full size-full wp-image-2157\" alt=\"\" srcset=\"https:\/\/inter-pension.ch\/wp-content\/uploads\/2023\/12\/Bild-Drehtuerpinzip.png 1100w, https:\/\/inter-pension.ch\/wp-content\/uploads\/2023\/12\/Bild-Drehtuerpinzip-300x191.png 300w, https:\/\/inter-pension.ch\/wp-content\/uploads\/2023\/12\/Bild-Drehtuerpinzip-1024x653.png 1024w, https:\/\/inter-pension.ch\/wp-content\/uploads\/2023\/12\/Bild-Drehtuerpinzip-768x490.png 768w, https:\/\/inter-pension.ch\/wp-content\/uploads\/2023\/12\/Bild-Drehtuerpinzip-18x12.png 18w\" sizes=\"(max-width: 1100px) 100vw, 1100px\" \/>\t\t\t\t\t\t\t\t\t\t\t\t\t\t\t<\/div>\n\t\t\t\t<\/div>\n\t\t\t\t\t<\/div>\n\t\t<\/div>\n\t\t\t\t<div class=\"elementor-column elementor-col-50 elementor-top-column elementor-element elementor-element-c6f2a88\" data-id=\"c6f2a88\" data-element_type=\"column\" data-e-type=\"column\">\n\t\t\t<div class=\"elementor-widget-wrap elementor-element-populated\">\n\t\t\t\t\t\t<div class=\"elementor-element elementor-element-1934dfb elementor-widget elementor-widget-heading\" data-id=\"1934dfb\" data-element_type=\"widget\" data-e-type=\"widget\" data-widget_type=\"heading.default\">\n\t\t\t\t<div class=\"elementor-widget-container\">\n\t\t\t\t\t<h2 class=\"elementor-heading-title elementor-size-default\">Concurrence loyale<\/h2>\t\t\t\t<\/div>\n\t\t\t\t<\/div>\n\t\t\t\t<div class=\"elementor-element elementor-element-b7dbe39 elementor-widget elementor-widget-text-editor\" data-id=\"b7dbe39\" data-element_type=\"widget\" data-e-type=\"widget\" data-widget_type=\"text-editor.default\">\n\t\t\t\t<div class=\"elementor-widget-container\">\n\t\t\t\t\t\t\t\t\t<h5><span style=\"color: #454346; font-size: 1rem; font-weight: 400;\">Le passage d'une institution de pr\u00e9voyance interentreprises \u00e0 une autre est un processus commercial largement standardis\u00e9. Mais les rapports de rente existants peuvent constituer une pierre d'achoppement. C'est pourquoi les assureurs-vie ont r\u00e9gl\u00e9 ce point d\u00e9licat dans une directive depuis 2002.<\/span><\/h5><h5><span style=\"color: #454346; font-size: 1rem; font-weight: 400;\">Pendant longtemps, cette r\u00e9glementation \u00e9prouv\u00e9e ne s'appliquait pas aux fondations collectives et communes ind\u00e9pendantes autonomes ou semi-autonomes. Gr\u00e2ce \u00e0 l'accord-cadre conclu avec l'Association Suisse d'Assurances (ASA), les membres d'inter-pension peuvent \u00e9galement participer au principe de la porte tournante depuis 2016. C'est un pas important vers une concurrence \u00e9quitable sur le march\u00e9 de la pr\u00e9voyance.<\/span><\/h5>\t\t\t\t\t\t\t\t<\/div>\n\t\t\t\t<\/div>\n\t\t\t\t\t<\/div>\n\t\t<\/div>\n\t\t\t\t\t<\/div>\n\t\t<\/section>\n\t\t\t\t<section class=\"elementor-section elementor-top-section elementor-element elementor-element-7835607 elementor-section-content-middle elementor-section-boxed elementor-section-height-default elementor-section-height-default\" data-id=\"7835607\" data-element_type=\"section\" data-e-type=\"section\" data-settings=\"{&quot;jet_parallax_layout_list&quot;:[]}\">\n\t\t\t\t\t\t<div class=\"elementor-container elementor-column-gap-default\">\n\t\t\t\t\t<div class=\"elementor-column elementor-col-50 elementor-top-column elementor-element elementor-element-3c74628\" data-id=\"3c74628\" data-element_type=\"column\" data-e-type=\"column\">\n\t\t\t<div class=\"elementor-widget-wrap elementor-element-populated\">\n\t\t\t\t\t\t<div class=\"elementor-element elementor-element-5f43244 elementor-widget elementor-widget-heading\" data-id=\"5f43244\" data-element_type=\"widget\" data-e-type=\"widget\" data-widget_type=\"heading.default\">\n\t\t\t\t<div class=\"elementor-widget-container\">\n\t\t\t\t\t<h2 class=\"elementor-heading-title elementor-size-default\">Le principe de la porte tournante dans la pratique<\/h2>\t\t\t\t<\/div>\n\t\t\t\t<\/div>\n\t\t\t\t<div class=\"elementor-element elementor-element-596dc6e elementor-widget elementor-widget-text-editor\" data-id=\"596dc6e\" data-element_type=\"widget\" data-e-type=\"widget\" data-widget_type=\"text-editor.default\">\n\t\t\t\t<div class=\"elementor-widget-container\">\n\t\t\t\t\t\t\t\t\t<p style=\"background: white;\"><span style=\"font-family: 'Bricolage Grotesque',serif; color: #454346;\">En cas de changement d'affiliation, les cas d'incapacit\u00e9 de gain \u00e9ventuels sont g\u00e9n\u00e9ralement transf\u00e9r\u00e9s avec les assur\u00e9s actifs vers la nouvelle institution de pr\u00e9voyance.\u00a0<\/span><\/p><p style=\"background: white;\"><span style=\"font-family: 'Bricolage Grotesque',serif; color: #454346;\">La valeur de transfert pour les cas d'incapacit\u00e9 de gain est calcul\u00e9e selon le tarif \u00e0 trois portes autoris\u00e9 par la FINMA et ne doit pas \u00eatre n\u00e9goci\u00e9e dans chaque cas individuel avec la nouvelle institution de pr\u00e9voyance. Les valeurs de transfert sont v\u00e9rifi\u00e9es chaque ann\u00e9e par un groupe sp\u00e9cialis\u00e9 afin de s'assurer qu'elles se situent \u00e0 un niveau appropri\u00e9.<\/span><\/p><p style=\"background: white;\"><span style=\"font-family: 'Bricolage Grotesque',serif; color: #454346;\">Pour les membres d'inter-pension qui n'adh\u00e8rent pas au principe de la porte tournante, le principe g\u00e9n\u00e9ral pour un changement d'affiliation selon l'art. 53e LPP s'applique.<\/span><\/p>\t\t\t\t\t\t\t\t<\/div>\n\t\t\t\t<\/div>\n\t\t\t\t\t<\/div>\n\t\t<\/div>\n\t\t\t\t<div class=\"elementor-column elementor-col-50 elementor-top-column elementor-element elementor-element-7a93b78\" data-id=\"7a93b78\" data-element_type=\"column\" data-e-type=\"column\">\n\t\t\t<div class=\"elementor-widget-wrap elementor-element-populated\">\n\t\t\t\t\t\t<div class=\"elementor-element elementor-element-4c843f1 elementor-widget elementor-widget-image\" data-id=\"4c843f1\" data-element_type=\"widget\" data-e-type=\"widget\" data-widget_type=\"image.default\">\n\t\t\t\t<div class=\"elementor-widget-container\">\n\t\t\t\t\t\t\t\t\t\t\t\t\t\t\t<img decoding=\"async\" width=\"1292\" height=\"771\" src=\"https:\/\/inter-pension.ch\/wp-content\/uploads\/2026\/02\/drehtuerprinzip_fr.png\" class=\"attachment-full size-full wp-image-4275\" alt=\"\" srcset=\"https:\/\/inter-pension.ch\/wp-content\/uploads\/2026\/02\/drehtuerprinzip_fr.png 1288w, https:\/\/inter-pension.ch\/wp-content\/uploads\/2026\/02\/drehtuerprinzip_fr-300x180.png 300w, https:\/\/inter-pension.ch\/wp-content\/uploads\/2026\/02\/drehtuerprinzip_fr-1024x613.png 1024w, https:\/\/inter-pension.ch\/wp-content\/uploads\/2026\/02\/drehtuerprinzip_fr-768x460.png 768w, https:\/\/inter-pension.ch\/wp-content\/uploads\/2026\/02\/drehtuerprinzip_fr-18x12.png 18w\" sizes=\"(max-width: 1292px) 100vw, 1292px\" \/>\t\t\t\t\t\t\t\t\t\t\t\t\t\t\t<\/div>\n\t\t\t\t<\/div>\n\t\t\t\t\t<\/div>\n\t\t<\/div>\n\t\t\t\t\t<\/div>\n\t\t<\/section>\n\t\t\t\t<section class=\"elementor-section elementor-top-section elementor-element elementor-element-26f8ba7 elementor-section-boxed elementor-section-height-default elementor-section-height-default\" data-id=\"26f8ba7\" data-element_type=\"section\" data-e-type=\"section\" data-settings=\"{&quot;jet_parallax_layout_list&quot;:[],&quot;background_background&quot;:&quot;classic&quot;}\">\n\t\t\t\t\t\t<div class=\"elementor-container elementor-column-gap-default\">\n\t\t\t\t\t<div class=\"elementor-column elementor-col-100 elementor-top-column elementor-element elementor-element-a87d02f\" data-id=\"a87d02f\" data-element_type=\"column\" data-e-type=\"column\">\n\t\t\t<div class=\"elementor-widget-wrap elementor-element-populated\">\n\t\t\t\t\t\t<div class=\"elementor-element elementor-element-36ec577 elementor-widget elementor-widget-heading\" data-id=\"36ec577\" data-element_type=\"widget\" data-e-type=\"widget\" data-widget_type=\"heading.default\">\n\t\t\t\t<div class=\"elementor-widget-container\">\n\t\t\t\t\t<h4 class=\"elementor-heading-title elementor-size-default\">en d\u00e9tail<\/h4>\t\t\t\t<\/div>\n\t\t\t\t<\/div>\n\t\t\t\t<div class=\"elementor-element elementor-element-37d95c7 elementor-widget elementor-widget-heading\" data-id=\"37d95c7\" data-element_type=\"widget\" data-e-type=\"widget\" data-widget_type=\"heading.default\">\n\t\t\t\t<div class=\"elementor-widget-container\">\n\t\t\t\t\t<h2 class=\"elementor-heading-title elementor-size-default\">T\u00e9l\u00e9chargements<\/h2>\t\t\t\t<\/div>\n\t\t\t\t<\/div>\n\t\t\t\t<div class=\"elementor-element elementor-element-f3060e1 elementor-widget elementor-widget-text-editor\" data-id=\"f3060e1\" data-element_type=\"widget\" data-e-type=\"widget\" data-widget_type=\"text-editor.default\">\n\t\t\t\t<div class=\"elementor-widget-container\">\n\t\t\t\t\t\t\t\t\t<p>Vous trouverez de plus amples informations dans les documents PDF suivants :<\/p><p><span style=\"text-decoration: underline;\"><a href=\"https:\/\/inter-pension.ch\/wp-content\/uploads\/2026\/04\/2026-04-16_Teilnehmer_DrehtuerregelungKontaktdaten.pdf\" target=\"_blank\" rel=\"noopener\">Participants au principe de la porte tournante<\/a><\/span><br \/><a href=\"https:\/\/inter-pension.ch\/wp-content\/uploads\/2023\/12\/erfahrungen_drehtuerprinzip.pdf\" target=\"_blank\" rel=\"noopener\"><span style=\"text-decoration: underline;\">Exp\u00e9riences avec le principe de la porte tournante<\/span><\/a><br \/><a href=\"https:\/\/inter-pension.ch\/wp-content\/uploads\/2023\/12\/drehtuerprinzip_fuer_alle.pdf\" target=\"_blank\" rel=\"noopener\"><span style=\"text-decoration: underline;\">Plus d'informations<\/span><\/a><\/p>\t\t\t\t\t\t\t\t<\/div>\n\t\t\t\t<\/div>\n\t\t\t\t\t<\/div>\n\t\t<\/div>\n\t\t\t\t\t<\/div>\n\t\t<\/section>\n\t\t\t\t<\/div>","protected":false},"excerpt":{"rendered":"<p>Dreht\u00fcrprinzip Was ist das Dreht\u00fcrprinzip? Das Dreht\u00fcrprinzip regelt die \u00dcbertragung von Erwerbsunf\u00e4higkeitsf\u00e4llen bei einem Wechsel zwischen \u00fcberbetrieblichen Vorsorgeeinrichtungen. So muss nicht in jedem Einzelfall die H\u00f6he der \u00dcbertragungswerte f\u00fcr vorliegende Invalidit\u00e4tsf\u00e4lle festgestellt und mit der neuen Vorsorgeeinrichtung verhandelt werden.\u00a0 Exklusiv f\u00fcr Mitglieder von inter-pension Dank einer Rahmenvereinbarung mit dem Schweizerischen Versicherungsverband (SVV) k\u00f6nnen sich inter-pension-Mitglieder [&hellip;]<\/p>","protected":false},"author":7,"featured_media":0,"parent":0,"menu_order":0,"comment_status":"closed","ping_status":"closed","template":"","meta":{"footnotes":""},"class_list":["post-2096","page","type-page","status-publish","hentry"],"_links":{"self":[{"href":"https:\/\/inter-pension.ch\/fr\/wp-json\/wp\/v2\/pages\/2096","targetHints":{"allow":["GET"]}}],"collection":[{"href":"https:\/\/inter-pension.ch\/fr\/wp-json\/wp\/v2\/pages"}],"about":[{"href":"https:\/\/inter-pension.ch\/fr\/wp-json\/wp\/v2\/types\/page"}],"author":[{"embeddable":true,"href":"https:\/\/inter-pension.ch\/fr\/wp-json\/wp\/v2\/users\/7"}],"replies":[{"embeddable":true,"href":"https:\/\/inter-pension.ch\/fr\/wp-json\/wp\/v2\/comments?post=2096"}],"version-history":[{"count":92,"href":"https:\/\/inter-pension.ch\/fr\/wp-json\/wp\/v2\/pages\/2096\/revisions"}],"predecessor-version":[{"id":4315,"href":"https:\/\/inter-pension.ch\/fr\/wp-json\/wp\/v2\/pages\/2096\/revisions\/4315"}],"wp:attachment":[{"href":"https:\/\/inter-pension.ch\/fr\/wp-json\/wp\/v2\/media?parent=2096"}],"curies":[{"name":"wp","href":"https:\/\/api.w.org\/{rel}","templated":true}]}}